{"id":2566,"date":"2025-05-21T14:04:09","date_gmt":"2025-05-21T14:04:09","guid":{"rendered":"http:\/\/sncbf.test\/?page_id=2566"},"modified":"2025-05-23T17:10:36","modified_gmt":"2025-05-23T17:10:36","slug":"prix-speciaux","status":"publish","type":"page","link":"https:\/\/snc.bf\/?page_id=2566","title":{"rendered":"PRIX SPECIAUX"},"content":{"rendered":"\t\t<div data-elementor-type=\"wp-page\" data-elementor-id=\"2566\" class=\"elementor elementor-2566\" data-elementor-post-type=\"page\">\n\t\t\t\t\t\t<section data-particle_enable=\"false\" data-particle-mobile-disabled=\"false\" class=\"elementor-section elementor-top-section elementor-element elementor-element-1b47cd0 elementor-section-boxed elementor-section-height-default elementor-section-height-default wpr-particle-no wpr-jarallax-no wpr-parallax-no wpr-sticky-section-no\" data-id=\"1b47cd0\" data-element_type=\"section\">\n\t\t\t\t\t\t<div class=\"elementor-container elementor-column-gap-default\">\n\t\t\t\t\t<div class=\"elementor-column elementor-col-100 elementor-top-column elementor-element elementor-element-7a92e7b\" data-id=\"7a92e7b\" data-element_type=\"column\">\n\t\t\t<div class=\"elementor-widget-wrap\">\n\t\t\t\t\t\t\t<\/div>\n\t\t<\/div>\n\t\t\t\t\t<\/div>\n\t\t<\/section>\n\t\t\t\t<section data-particle_enable=\"false\" data-particle-mobile-disabled=\"false\" class=\"elementor-section elementor-top-section elementor-element elementor-element-b030312 elementor-section-boxed elementor-section-height-default elementor-section-height-default wpr-particle-no wpr-jarallax-no wpr-parallax-no wpr-sticky-section-no\" data-id=\"b030312\" data-element_type=\"section\">\n\t\t\t\t\t\t<div class=\"elementor-container elementor-column-gap-default\">\n\t\t\t\t\t<div class=\"elementor-column elementor-col-100 elementor-top-column elementor-element elementor-element-74131de\" data-id=\"74131de\" data-element_type=\"column\">\n\t\t\t<div class=\"elementor-widget-wrap elementor-element-populated\">\n\t\t\t\t\t\t<div class=\"elementor-element elementor-element-0ff7859 elementor-widget elementor-widget-heading\" data-id=\"0ff7859\" data-element_type=\"widget\" data-widget_type=\"heading.default\">\n\t\t\t\t<div class=\"elementor-widget-container\">\n\t\t\t\t\t<h2 class=\"elementor-heading-title elementor-size-default\">Prix sp\u00e9ciaux des \u00e9ditions de la SNC<\/h2>\t\t\t\t<\/div>\n\t\t\t\t<\/div>\n\t\t\t\t<div class=\"elementor-element elementor-element-dba0894 elementor-widget elementor-widget-text-editor\" data-id=\"dba0894\" data-element_type=\"widget\" data-widget_type=\"text-editor.default\">\n\t\t\t\t<div class=\"elementor-widget-container\">\n\t\t\t\t\t\t\t\t\t<p>Veuillez cliquer sur le bouton T\u00e9l\u00e9charger pour obtenir le fichier du palmar\u00e8s de l\u2019\u00e9dition correspondante<\/p>\t\t\t\t\t\t\t\t<\/div>\n\t\t\t\t<\/div>\n\t\t\t\t\t<\/div>\n\t\t<\/div>\n\t\t\t\t\t<\/div>\n\t\t<\/section>\n\t\t\t\t<section data-particle_enable=\"false\" data-particle-mobile-disabled=\"false\" class=\"elementor-section elementor-top-section elementor-element elementor-element-9c0efde elementor-section-boxed elementor-section-height-default elementor-section-height-default wpr-particle-no wpr-jarallax-no wpr-parallax-no wpr-sticky-section-no\" data-id=\"9c0efde\" data-element_type=\"section\">\n\t\t\t\t\t\t<div class=\"elementor-container elementor-column-gap-default\">\n\t\t\t\t\t<div class=\"elementor-column elementor-col-100 elementor-top-column elementor-element elementor-element-e5fb0b9\" data-id=\"e5fb0b9\" data-element_type=\"column\">\n\t\t\t<div class=\"elementor-widget-wrap elementor-element-populated\">\n\t\t\t\t\t\t<div class=\"elementor-element elementor-element-2f6d2df elementor-widget elementor-widget-shortcode\" data-id=\"2f6d2df\" data-element_type=\"widget\" data-widget_type=\"shortcode.default\">\n\t\t\t\t<div class=\"elementor-widget-container\">\n\t\t\t\t\t\t\t<div class=\"elementor-shortcode\">\n    <script>\n        jQuery(function($){\n\n            var __dt = $('#wpdmmydls-9e0b00776125fcda39c246fbe5012e0b').dataTable({\n                \"dom\": '<\"wpdmdt-toolbar\"lfrB>t<\"wpdmdt-toolbarb\"ip>',\n                responsive: true,\n                \"order\": [[ 0, \"desc\" ]],\n                \"language\": {\n                    \"lengthMenu\": \"Afficher _MENU_ t\u00e9l\u00e9chargements par page\",\n                    \"zeroRecords\": \"Aucun paquet trouv\u00e9\",\n                    \"info\": \"Affichage des t\u00e9l\u00e9chargements _START_ \u00e0 _END_ sur _TOTAL_ t\u00e9l\u00e9chargements\",\n                    \"infoEmpty\": \"Aucun t\u00e9l\u00e9chargement disponible\",\n                    \"infoFiltered\": \"(filtr\u00e9s sur un total de _MAX_ t\u00e9l\u00e9chargements)\",\n                    \"emptyTable\":     \"Aucune donn\u00e9e disponible\",\n                    \"infoPostFix\":    \"\",\n                    \"thousands\":      \",\",\n                    \"loadingRecords\": \"Chargement en cours\u2026\",\n                    \"processing\":     \"En cours de traitement\u2026\",\n                    \"search\":         \"Rechercher\u00a0:\",\n                    \"paginate\": {\n                        \"first\":      \"Premier\",\n                        \"last\":       \"Dernier\",\n                        \"next\":       \"Suivant\",\n                        \"previous\":   \"Pr\u00e9c\u00e9dent\"\n                    },\n                    \"aria\": {\n                        \"sortAscending\":  \" : activer pour trier la colonne par ordre croissant\",\n                        \"sortDescending\": \": activer pour trier la colonne par ordre d\u00e9croissant\"\n                    }\n                },\n                \"iDisplayLength\": 10,\n                \"aLengthMenu\": [[10, 10, 25, 50, -1], [10, 10, 25, 50, \"Tout\"]]\n            });\n\n                        $(\"div.wpdmdt-toolbar .dataTables_filter\").append('<a href=\"https:\/\/snc.bf\/?page_id=2566\" class=\"btn btn-secondary ml-3\" style=\"margin-top: -5px;border: 0;\">R\u00e9initialiser le filtre<\/a>');\n                    });\n    <\/script>\n<style>\n    .wpdmdt-toolbar {\n        padding: 10px;\n    }\n    .wpdmdt-toolbarb {\n        padding: 5px 10px 10px;\n    }\n    .wpdmdt-toolbar > div {\n        display: inline-block;\n    }\n    table,td,th{\n        border: 0;\n    }\n    #wpdm-all-packages .card{\n        overflow: hidden;\n    }\n    .dataTables_wrapper .table{\n        margin: 0;\n    }\n    #wpdmmydls-9e0b00776125fcda39c246fbe5012e0b{\n        border-bottom: 1px solid #dddddd;\n        border-top: 1px solid #dddddd;\n        font-size: 10pt;\n        min-width: 100%;\n    }\n    #wpdmmydls-9e0b00776125fcda39c246fbe5012e0b .wpdm-download-link img{\n        box-shadow: none !important;\n        max-width: 100%;\n    }\n    .w3eden .pagination{\n        margin: 0 !important;\n    }\n    #wpdmmydls-9e0b00776125fcda39c246fbe5012e0b td:not(:first-child){\n        vertical-align: middle !important;\n    }\n    #wpdmmydls-9e0b00776125fcda39c246fbe5012e0b td.__dt_col_download_link .btn{\n        display: block;\n        width: 100%;\n    }\n    #wpdmmydls-9e0b00776125fcda39c246fbe5012e0b td.__dt_col_download_link,\n    #wpdmmydls-9e0b00776125fcda39c246fbe5012e0b th#download_link{\n        max-width: 155px !important;\n        width: 155px;\n\n    }\n    #wpdmmydls-9e0b00776125fcda39c246fbe5012e0b th{\n        background-color: rgba(0,0,0,0.04);\n        border-bottom: 1px solid rgba(0,0,0,0.025);\n    }\n    #wpdmmydls-9e0b00776125fcda39c246fbe5012e0b_length label,\n    #wpdmmydls-9e0b00776125fcda39c246fbe5012e0b_filter label{\n        font-weight: 400;\n    }\n    #wpdmmydls-9e0b00776125fcda39c246fbe5012e0b_filter input[type=search]{\n        display: inline-block;\n        width: 200px;\n    }\n    #wpdmmydls-9e0b00776125fcda39c246fbe5012e0b_length select{\n        display: inline-block;\n        width: 60px;\n    }\n\n    #wpdmmydls-9e0b00776125fcda39c246fbe5012e0b .package-title{\n        color:#36597C;\n        font-size: 11pt;\n        font-weight: 700;\n    }\n    #wpdmmydls-9e0b00776125fcda39c246fbe5012e0b .small-txt{\n        margin-right: 7px;\n    }\n    #wpdmmydls-9e0b00776125fcda39c246fbe5012e0b td{\n        min-width: 150px;\n    }\n\n    #wpdmmydls-9e0b00776125fcda39c246fbe5012e0b td.__dt_col_categories{\n        max-width: 300px;\n    }\n\n    #wpdmmydls-9e0b00776125fcda39c246fbe5012e0b .small-txt,\n    #wpdmmydls-9e0b00776125fcda39c246fbe5012e0b small{\n        font-size: 9pt;\n    }\n    .w3eden .table-striped tbody tr:nth-of-type(2n+1) {\n        background-color: rgba(0,0,0,0.015);\n    }\n    .dataTables_wrapper .dataTables_paginate .paginate_button:active,\n    .dataTables_wrapper .dataTables_paginate .paginate_button:focus,\n    .dataTables_wrapper .dataTables_paginate .paginate_button:hover,\n    .dataTables_wrapper .dataTables_paginate .paginate_button{\n        margin: 0 !important;\n        padding: 0 !important;\n        border: 0 !important;\n        background: transparent !important;\n    }\n\n\n    @media (max-width: 799px) {\n        #wpdmmydls-9e0b00776125fcda39c246fbe5012e0b tr {\n            display: block;\n            border: 3px solid rgba(0,0,0,0.3) !important;\n            margin-bottom: 10px !important;\n            position: relative;\n        }\n        #wpdmmydls-9e0b00776125fcda39c246fbe5012e0b thead{\n            display: none;\n        }\n        #wpdmmydls-9e0b00776125fcda39c246fbe5012e0b,\n        #wpdmmydls-9e0b00776125fcda39c246fbe5012e0b td:first-child {\n            border: 0 !important;\n        }\n        #wpdmmydls-9e0b00776125fcda39c246fbe5012e0b td {\n            display: block;\n        }\n        #wpdmmydls-9e0b00776125fcda39c246fbe5012e0b td.__dt_col_download_link {\n            display: block;\n            max-width: 100% !important;\n            width: auto !important;\n\n        }\n    }\n\n\n<\/style>\n<div class=\"w3eden\">\n    <div id=\"wpdm-all-packages\">\n        <table id=\"wpdmmydls-9e0b00776125fcda39c246fbe5012e0b\" class=\"table table-striped wpdm-all-packages-table\">\n            <thead>\n            <tr>\n                                <th style=\"\"  id=\"pagelink\" class=\"\">Titre<\/th>\n                                <th style=\"\"  id=\"updatedate\" class=\"hidden-sm hidden-xs\">Date de mise \u00e0 jour<\/th>\n                                <th style=\"width: 155px !important;max-width: 155px !important;\"  id=\"downloadlink\" class=\"hidden-sm hidden-xs\">T\u00e9l\u00e9charger<\/th>\n                \n            <\/tr>\n            <\/thead>\n            <tbody>\n            \n                    <tr class=\"__dt_row\">\n                                                <td  class=\"__dt_col_0 __dt_col __dt_col_page_link\" style=\"background-image: url('');background-size: 36px;background-position: 5px 8px;background-repeat:  no-repeat;padding-left: 52px;line-height: normal;\">\n                            <a class=\"package-title\" href='https:\/\/snc.bf\/?wpdmpro=snc-2024-2'>SNC 2024<\/a><br\/><span class='__dt_file_count small-txt'>1<\/span><span class='__dt_download_count small-txt'><i class=\"far fa-arrow-alt-circle-down\"><\/i> 14 t\u00e9l\u00e9chargements<\/span><div class=\"hidden-md hidden-lg td-mobile\"><\/div>\n\n                        <\/td>\n                                                <td  data-order=\"1747785600\"  class=\"__dt_col_1 __dt_col __dt_col_update_date\" >\n                            <span class='__dt_update_date '>21 mai 2025<\/span>\n\n                        <\/td>\n                                                <td  class=\"__dt_col_2 __dt_col __dt_col_download_link\" >\n                            <a class='wpdm-download-link download-on-click btn btn-primary ' rel='nofollow' href='#' data-downloadurl=\"https:\/\/snc.bf\/?wpdmpro=snc-2024-2&wpdmdl=2685&refresh=69e783dad145d1776780250\">T\u00e9l\u00e9charger<\/a>\n\n                        <\/td>\n                        \n                    <\/tr>\n                                        <\/tbody>\n        <\/table>\n\n        <div class='text-center'><ul class='pagination wpdm-pagination pagination-centered text-center'><\/ul><\/div>\n    <\/div>\n<\/div>\n<\/div>\n\t\t\t\t\t\t<\/div>\n\t\t\t\t<\/div>\n\t\t\t\t\t<\/div>\n\t\t<\/div>\n\t\t\t\t\t<\/div>\n\t\t<\/section>\n\t\t\t\t<\/div>\n\t\t","protected":false},"excerpt":{"rendered":"<p>Prix sp\u00e9ciaux des \u00e9ditions de la SNC Veuillez cliquer sur le bouton T\u00e9l\u00e9charger pour obtenir le fichier du palmar\u00e8s de l\u2019\u00e9dition correspondante<\/p>\n","protected":false},"author":5,"featured_media":0,"parent":0,"menu_order":0,"comment_status":"closed","ping_status":"closed","template":"elementor_theme","meta":{"_eb_attr":"","_EventAllDay":false,"_EventTimezone":"","_EventStartDate":"","_EventEndDate":"","_EventStartDateUTC":"","_EventEndDateUTC":"","_EventShowMap":false,"_EventShowMapLink":false,"_EventURL":"","_EventCost":"","_EventCostDescription":"","_EventCurrencySymbol":"","_EventCurrencyCode":"","_EventCurrencyPosition":"","_EventDateTimeSeparator":"","_EventTimeRangeSeparator":"","_EventOrganizerID":[],"_EventVenueID":[],"_OrganizerEmail":"","_OrganizerPhone":"","_OrganizerWebsite":"","_VenueAddress":"","_VenueCity":"","_VenueCountry":"","_VenueProvince":"","_VenueState":"","_VenueZip":"","_VenuePhone":"","_VenueURL":"","_VenueStateProvince":"","_VenueLat":"","_VenueLng":"","_VenueShowMap":false,"_VenueShowMapLink":false,"footnotes":""},"class_list":["post-2566","page","type-page","status-publish","hentry"],"acf":[],"_links":{"self":[{"href":"https:\/\/snc.bf\/index.php?rest_route=\/wp\/v2\/pages\/2566","targetHints":{"allow":["GET"]}}],"collection":[{"href":"https:\/\/snc.bf\/index.php?rest_route=\/wp\/v2\/pages"}],"about":[{"href":"https:\/\/snc.bf\/index.php?rest_route=\/wp\/v2\/types\/page"}],"author":[{"embeddable":true,"href":"https:\/\/snc.bf\/index.php?rest_route=\/wp\/v2\/users\/5"}],"replies":[{"embeddable":true,"href":"https:\/\/snc.bf\/index.php?rest_route=%2Fwp%2Fv2%2Fcomments&post=2566"}],"version-history":[{"count":16,"href":"https:\/\/snc.bf\/index.php?rest_route=\/wp\/v2\/pages\/2566\/revisions"}],"predecessor-version":[{"id":2912,"href":"https:\/\/snc.bf\/index.php?rest_route=\/wp\/v2\/pages\/2566\/revisions\/2912"}],"wp:attachment":[{"href":"https:\/\/snc.bf\/index.php?rest_route=%2Fwp%2Fv2%2Fmedia&parent=2566"}],"curies":[{"name":"wp","href":"https:\/\/api.w.org\/{rel}","templated":true}]}}